{"id":57,"date":"2025-12-11T23:08:45","date_gmt":"2025-12-11T20:08:45","guid":{"rendered":"http:\/\/kemalarican.tr\/?page_id=57"},"modified":"2025-12-12T14:32:21","modified_gmt":"2025-12-12T11:32:21","slug":"referanslarimiz","status":"publish","type":"page","link":"https:\/\/kemalarican.tr\/?page_id=57","title":{"rendered":"Referanslar\u0131m\u0131z"},"content":{"rendered":"\n<figure class=\"wp-block-gallery has-nested-images columns-default is-cropped\">\n<figure class=\"wp-block-image size-large\"><img loading=\"lazy\" width=\"1024\" height=\"768\" data-id=\"81\"  src=\"https:\/\/kemalarican.tr\/wp-content\/uploads\/2025\/12\/5-1-1024x768.jpg\" alt=\"\" class=\"wp-image-81\" srcset=\"https:\/\/kemalarican.tr\/wp-content\/uploads\/2025\/12\/5-1-1024x768.jpg 1024w, https:\/\/kemalarican.tr\/wp-content\/uploads\/2025\/12\/5-1-300x225.jpg 300w, https:\/\/kemalarican.tr\/wp-content\/uploads\/2025\/12\/5-1-768x576.jpg 768w, https:\/\/kemalarican.tr\/wp-content\/uploads\/2025\/12\/5-1-1536x1152.jpg 1536w, https:\/\/kemalarican.tr\/wp-content\/uploads\/2025\/12\/5-1.jpg 2048w\" sizes=\"(max-width: 1024px) 100vw, 1024px\" \/><\/figure>\n\n\n\n<figure class=\"wp-block-image size-large\"><img loading=\"lazy\" width=\"284\" height=\"177\" data-id=\"88\"  src=\"https:\/\/kemalarican.tr\/wp-content\/uploads\/2025\/12\/7.png\" alt=\"\" class=\"wp-image-88\"\/><\/figure>\n<figcaption class=\"blocks-gallery-caption\"><strong>SEL\u00c7UKLU BELED\u0130YES\u0130 ESENLER KAPALI PAZARYER\u0130 \u0130N\u015eAATI<\/strong><\/figcaption><\/figure>\n\n\n\n<figure class=\"wp-block-gallery has-nested-images columns-default is-cropped\">\n<figure class=\"wp-block-image size-large\"><img loading=\"lazy\" width=\"1024\" height=\"768\" data-id=\"82\"  src=\"https:\/\/kemalarican.tr\/wp-content\/uploads\/2025\/12\/1-1024x768.jpg\" alt=\"\" class=\"wp-image-82\" srcset=\"https:\/\/kemalarican.tr\/wp-content\/uploads\/2025\/12\/1-1024x768.jpg 1024w, https:\/\/kemalarican.tr\/wp-content\/uploads\/2025\/12\/1-300x225.jpg 300w, https:\/\/kemalarican.tr\/wp-content\/uploads\/2025\/12\/1-768x576.jpg 768w, https:\/\/kemalarican.tr\/wp-content\/uploads\/2025\/12\/1-1536x1152.jpg 1536w, https:\/\/kemalarican.tr\/wp-content\/uploads\/2025\/12\/1-2048x1536.jpg 2048w\" sizes=\"(max-width: 1024px) 100vw, 1024px\" \/><\/figure>\n\n\n\n<figure class=\"wp-block-image size-large\"><img loading=\"lazy\" width=\"1024\" height=\"768\" data-id=\"83\"  src=\"https:\/\/kemalarican.tr\/wp-content\/uploads\/2025\/12\/2-1024x768.jpg\" alt=\"\" class=\"wp-image-83\" srcset=\"https:\/\/kemalarican.tr\/wp-content\/uploads\/2025\/12\/2-1024x768.jpg 1024w, https:\/\/kemalarican.tr\/wp-content\/uploads\/2025\/12\/2-300x225.jpg 300w, https:\/\/kemalarican.tr\/wp-content\/uploads\/2025\/12\/2-768x576.jpg 768w, https:\/\/kemalarican.tr\/wp-content\/uploads\/2025\/12\/2-1536x1152.jpg 1536w, https:\/\/kemalarican.tr\/wp-content\/uploads\/2025\/12\/2-2048x1536.jpg 2048w\" sizes=\"(max-width: 1024px) 100vw, 1024px\" \/><\/figure>\n<figcaption class=\"blocks-gallery-caption\"><strong>KARATAY BELED\u0130YES\u0130 KALENDERHANE A\u0130LE SA\u011eLI\u011eI MERKEZ\u0130<\/strong><\/figcaption><\/figure>\n\n\n\n<div class=\"wp-block-image\"><figure class=\"aligncenter size-full\"><img loading=\"lazy\" width=\"956\" height=\"323\" src=\"https:\/\/kemalarican.tr\/wp-content\/uploads\/2025\/12\/15.jpg\" alt=\"\" class=\"wp-image-84\" srcset=\"https:\/\/kemalarican.tr\/wp-content\/uploads\/2025\/12\/15.jpg 956w, https:\/\/kemalarican.tr\/wp-content\/uploads\/2025\/12\/15-300x101.jpg 300w, https:\/\/kemalarican.tr\/wp-content\/uploads\/2025\/12\/15-768x259.jpg 768w\" sizes=\"(max-width: 956px) 100vw, 956px\" \/><figcaption><strong>KARATAY BELED\u0130YES\u0130 KARAKAYA MAHALLES\u0130 D\u00dc\u011e\u00dcN SALONU \u0130N\u015eAATI<\/strong><\/figcaption><\/figure><\/div>\n\n\n\n<figure class=\"wp-block-gallery has-nested-images columns-default is-cropped\">\n<figure class=\"wp-block-image size-large\"><img loading=\"lazy\" width=\"1024\" height=\"768\" data-id=\"86\"  src=\"https:\/\/kemalarican.tr\/wp-content\/uploads\/2025\/12\/12-1024x768.jpg\" alt=\"\" class=\"wp-image-86\" srcset=\"https:\/\/kemalarican.tr\/wp-content\/uploads\/2025\/12\/12-1024x768.jpg 1024w, https:\/\/kemalarican.tr\/wp-content\/uploads\/2025\/12\/12-300x225.jpg 300w, https:\/\/kemalarican.tr\/wp-content\/uploads\/2025\/12\/12-768x576.jpg 768w, https:\/\/kemalarican.tr\/wp-content\/uploads\/2025\/12\/12-1536x1152.jpg 1536w, https:\/\/kemalarican.tr\/wp-content\/uploads\/2025\/12\/12-2048x1536.jpg 2048w\" sizes=\"(max-width: 1024px) 100vw, 1024px\" \/><\/figure>\n\n\n\n<figure class=\"wp-block-image size-large\"><img loading=\"lazy\" width=\"1024\" height=\"768\" data-id=\"87\"  src=\"https:\/\/kemalarican.tr\/wp-content\/uploads\/2025\/12\/11-1-1024x768.jpg\" alt=\"\" class=\"wp-image-87\" srcset=\"https:\/\/kemalarican.tr\/wp-content\/uploads\/2025\/12\/11-1-1024x768.jpg 1024w, https:\/\/kemalarican.tr\/wp-content\/uploads\/2025\/12\/11-1-300x225.jpg 300w, https:\/\/kemalarican.tr\/wp-content\/uploads\/2025\/12\/11-1-768x576.jpg 768w, https:\/\/kemalarican.tr\/wp-content\/uploads\/2025\/12\/11-1-1536x1152.jpg 1536w, https:\/\/kemalarican.tr\/wp-content\/uploads\/2025\/12\/11-1-2048x1536.jpg 2048w\" sizes=\"(max-width: 1024px) 100vw, 1024px\" \/><\/figure>\n<figcaption class=\"blocks-gallery-caption\"><strong>KARATAY BELED\u0130YES\u0130 KARKENT A\u0130LE SA\u011eLI\u011eI MERKEZ\u0130 TAD\u0130LATI<\/strong><\/figcaption><\/figure>\n\n\n\n<figure class=\"wp-block-gallery has-nested-images columns-default is-cropped\">\n<figure class=\"wp-block-image size-full\"><img loading=\"lazy\" width=\"274\" height=\"184\" data-id=\"89\"  src=\"https:\/\/kemalarican.tr\/wp-content\/uploads\/2025\/12\/19.png\" alt=\"\" class=\"wp-image-89\"\/><\/figure>\n\n\n\n<figure class=\"wp-block-image size-full\"><img loading=\"lazy\" width=\"275\" height=\"183\" data-id=\"90\"  src=\"https:\/\/kemalarican.tr\/wp-content\/uploads\/2025\/12\/20.png\" alt=\"\" class=\"wp-image-90\"\/><\/figure>\n<figcaption class=\"blocks-gallery-caption\"><strong>KARATAY BELED\u0130YES\u0130 TAR\u0130H\u0130 OBRUK CAM\u0130 RESTORASYONU<\/strong><\/figcaption><\/figure>\n\n\n\n<div class=\"wp-block-image\"><figure class=\"aligncenter size-full is-resized\"><img loading=\"lazy\" src=\"https:\/\/kemalarican.tr\/wp-content\/uploads\/2025\/12\/26.jpg\" alt=\"\" class=\"wp-image-91\" width=\"536\" height=\"329\" srcset=\"https:\/\/kemalarican.tr\/wp-content\/uploads\/2025\/12\/26.jpg 679w, https:\/\/kemalarican.tr\/wp-content\/uploads\/2025\/12\/26-300x184.jpg 300w\" sizes=\"(max-width: 536px) 100vw, 536px\" \/><figcaption><strong>PTT A.\u015e. KONYA \u00c7AR\u015eI MERKEZ M\u00dcD\u00dcRL\u00dc\u011e\u00dc BAKIM ONARIM<\/strong><\/figcaption><\/figure><\/div>\n\n\n\n<div class=\"wp-block-image\"><figure class=\"aligncenter size-full is-resized\"><img loading=\"lazy\" src=\"https:\/\/kemalarican.tr\/wp-content\/uploads\/2025\/12\/31.jpg\" alt=\"\" class=\"wp-image-92\" width=\"326\" height=\"431\" srcset=\"https:\/\/kemalarican.tr\/wp-content\/uploads\/2025\/12\/31.jpg 380w, https:\/\/kemalarican.tr\/wp-content\/uploads\/2025\/12\/31-227x300.jpg 227w\" sizes=\"(max-width: 326px) 100vw, 326px\" \/><figcaption><strong>T\u00dcRK TELEKOM KONAK (MEVLANA) H\u0130ZMET B\u0130NASI BAKIM ONARIM<\/strong><\/figcaption><\/figure><\/div>\n\n\n\n<figure class=\"wp-block-gallery has-nested-images columns-default is-cropped\">\n<figure class=\"wp-block-image size-large\"><img loading=\"lazy\" width=\"1024\" height=\"768\" data-id=\"93\"  src=\"https:\/\/kemalarican.tr\/wp-content\/uploads\/2025\/12\/27-1024x768.jpg\" alt=\"\" class=\"wp-image-93\" srcset=\"https:\/\/kemalarican.tr\/wp-content\/uploads\/2025\/12\/27-1024x768.jpg 1024w, https:\/\/kemalarican.tr\/wp-content\/uploads\/2025\/12\/27-300x225.jpg 300w, https:\/\/kemalarican.tr\/wp-content\/uploads\/2025\/12\/27-768x576.jpg 768w, https:\/\/kemalarican.tr\/wp-content\/uploads\/2025\/12\/27-1536x1152.jpg 1536w, https:\/\/kemalarican.tr\/wp-content\/uploads\/2025\/12\/27-2048x1536.jpg 2048w\" sizes=\"(max-width: 1024px) 100vw, 1024px\" \/><\/figure>\n\n\n\n<figure class=\"wp-block-image size-large\"><img loading=\"lazy\" width=\"1024\" height=\"768\" data-id=\"94\"  src=\"https:\/\/kemalarican.tr\/wp-content\/uploads\/2025\/12\/28-1024x768.jpg\" alt=\"\" class=\"wp-image-94\" srcset=\"https:\/\/kemalarican.tr\/wp-content\/uploads\/2025\/12\/28-1024x768.jpg 1024w, https:\/\/kemalarican.tr\/wp-content\/uploads\/2025\/12\/28-300x225.jpg 300w, https:\/\/kemalarican.tr\/wp-content\/uploads\/2025\/12\/28-768x576.jpg 768w, https:\/\/kemalarican.tr\/wp-content\/uploads\/2025\/12\/28-1536x1152.jpg 1536w, https:\/\/kemalarican.tr\/wp-content\/uploads\/2025\/12\/28-2048x1536.jpg 2048w\" sizes=\"(max-width: 1024px) 100vw, 1024px\" \/><\/figure>\n<figcaption class=\"blocks-gallery-caption\"><strong>T\u00dcRK TELEKOM ASLIM SANTRAL B\u0130NASI TAD\u0130LATI&nbsp;&nbsp;<\/strong>&nbsp;&nbsp;<\/figcaption><\/figure>\n\n\n\n<div class=\"wp-block-image\"><figure class=\"aligncenter size-full is-resized\"><img loading=\"lazy\" src=\"https:\/\/kemalarican.tr\/wp-content\/uploads\/2025\/12\/13.png\" alt=\"\" class=\"wp-image-95\" width=\"464\" height=\"260\"\/><figcaption><strong>PTT A.\u015e. AKSARAY POSTA VE KARGO DA\u011eITIM SERV\u0130S\u0130<\/strong><\/figcaption><\/figure><\/div>\n\n\n\n<figure class=\"wp-block-gallery has-nested-images columns-default is-cropped\">\n<figure class=\"wp-block-image size-large\"><img loading=\"lazy\" width=\"1024\" height=\"768\" data-id=\"96\"  src=\"https:\/\/kemalarican.tr\/wp-content\/uploads\/2025\/12\/3-1024x768.jpg\" alt=\"\" class=\"wp-image-96\" srcset=\"https:\/\/kemalarican.tr\/wp-content\/uploads\/2025\/12\/3-1024x768.jpg 1024w, https:\/\/kemalarican.tr\/wp-content\/uploads\/2025\/12\/3-300x225.jpg 300w, https:\/\/kemalarican.tr\/wp-content\/uploads\/2025\/12\/3-768x576.jpg 768w, https:\/\/kemalarican.tr\/wp-content\/uploads\/2025\/12\/3-1536x1152.jpg 1536w, https:\/\/kemalarican.tr\/wp-content\/uploads\/2025\/12\/3-2048x1536.jpg 2048w\" sizes=\"(max-width: 1024px) 100vw, 1024px\" \/><\/figure>\n\n\n\n<figure class=\"wp-block-image size-large\"><img loading=\"lazy\" width=\"1024\" height=\"768\" data-id=\"97\"  src=\"https:\/\/kemalarican.tr\/wp-content\/uploads\/2025\/12\/4-1024x768.jpg\" alt=\"\" class=\"wp-image-97\" srcset=\"https:\/\/kemalarican.tr\/wp-content\/uploads\/2025\/12\/4-1024x768.jpg 1024w, https:\/\/kemalarican.tr\/wp-content\/uploads\/2025\/12\/4-300x225.jpg 300w, https:\/\/kemalarican.tr\/wp-content\/uploads\/2025\/12\/4-768x576.jpg 768w, https:\/\/kemalarican.tr\/wp-content\/uploads\/2025\/12\/4-1536x1152.jpg 1536w, https:\/\/kemalarican.tr\/wp-content\/uploads\/2025\/12\/4-2048x1536.jpg 2048w\" sizes=\"(max-width: 1024px) 100vw, 1024px\" \/><\/figure>\n<figcaption class=\"blocks-gallery-caption\"><strong>112 AC\u0130L \u00c7A\u011eRI MERKEZ\u0130 AKUST\u0130K YAPIMI<\/strong><\/figcaption><\/figure>\n\n\n\n<div class=\"wp-block-image\"><figure class=\"aligncenter size-large is-resized\"><img loading=\"lazy\" src=\"https:\/\/kemalarican.tr\/wp-content\/uploads\/2025\/12\/8-1024x768.jpg\" alt=\"\" class=\"wp-image-98\" width=\"592\" height=\"444\" srcset=\"https:\/\/kemalarican.tr\/wp-content\/uploads\/2025\/12\/8-1024x768.jpg 1024w, https:\/\/kemalarican.tr\/wp-content\/uploads\/2025\/12\/8-300x225.jpg 300w, https:\/\/kemalarican.tr\/wp-content\/uploads\/2025\/12\/8-768x576.jpg 768w, https:\/\/kemalarican.tr\/wp-content\/uploads\/2025\/12\/8-1536x1152.jpg 1536w, https:\/\/kemalarican.tr\/wp-content\/uploads\/2025\/12\/8-2048x1536.jpg 2048w\" sizes=\"(max-width: 592px) 100vw, 592px\" \/><figcaption><strong>PTT A.\u015e. KONYA ZAFER \u015eUBES\u0130<\/strong><\/figcaption><\/figure><\/div>\n\n\n\n<div class=\"wp-block-image\"><figure class=\"aligncenter size-full\"><img loading=\"lazy\" width=\"595\" height=\"429\" src=\"https:\/\/kemalarican.tr\/wp-content\/uploads\/2025\/12\/25.jpg\" alt=\"\" class=\"wp-image-99\" srcset=\"https:\/\/kemalarican.tr\/wp-content\/uploads\/2025\/12\/25.jpg 595w, https:\/\/kemalarican.tr\/wp-content\/uploads\/2025\/12\/25-300x216.jpg 300w\" sizes=\"(max-width: 595px) 100vw, 595px\" \/><figcaption><strong>PROMAK\u0130M A.\u015e. FABR\u0130KA REV\u0130ZYONU<\/strong><\/figcaption><\/figure><\/div>\n\n\n\n<div class=\"wp-block-image\"><figure class=\"aligncenter size-full is-resized\"><img loading=\"lazy\" src=\"https:\/\/kemalarican.tr\/wp-content\/uploads\/2025\/12\/22.png\" alt=\"\" class=\"wp-image-100\" width=\"461\" height=\"258\"\/><figcaption><strong>PTT A.\u015e. HAZIM ULU\u015eAH\u0130N KARGO \u015eUBES\u0130<\/strong>&nbsp;&nbsp;&nbsp;&nbsp;<\/figcaption><\/figure><\/div>\n\n\n\n<div class=\"wp-block-image\"><figure class=\"aligncenter size-full is-resized\"><img loading=\"lazy\" src=\"https:\/\/kemalarican.tr\/wp-content\/uploads\/2025\/12\/14.png\" alt=\"\" class=\"wp-image-101\" width=\"469\" height=\"312\"\/><figcaption><strong>KARAMAN GEN\u00c7L\u0130K H\u0130ZMETLER\u0130 VE SPOR \u0130L M\u00dcD\u00dcRL\u00dc\u011e\u00dc TAD\u0130LATI<\/strong><\/figcaption><\/figure><\/div>\n\n\n\n<div class=\"wp-block-image\"><figure class=\"aligncenter size-large is-resized\"><img loading=\"lazy\" src=\"https:\/\/kemalarican.tr\/wp-content\/uploads\/2025\/12\/18-1024x768.jpg\" alt=\"\" class=\"wp-image-102\" width=\"482\" height=\"362\" srcset=\"https:\/\/kemalarican.tr\/wp-content\/uploads\/2025\/12\/18-1024x768.jpg 1024w, https:\/\/kemalarican.tr\/wp-content\/uploads\/2025\/12\/18-300x225.jpg 300w, https:\/\/kemalarican.tr\/wp-content\/uploads\/2025\/12\/18-768x576.jpg 768w, https:\/\/kemalarican.tr\/wp-content\/uploads\/2025\/12\/18-1536x1152.jpg 1536w, https:\/\/kemalarican.tr\/wp-content\/uploads\/2025\/12\/18-2048x1536.jpg 2048w\" sizes=\"(max-width: 482px) 100vw, 482px\" \/><figcaption><strong>PTT A.\u015e. KONYA MERAM BELED\u0130YES\u0130 \u015eUBES\u0130&nbsp;<\/strong>&nbsp;&nbsp;&nbsp;&nbsp;&nbsp;<\/figcaption><\/figure><\/div>\n\n\n\n<div class=\"wp-block-image\"><figure class=\"aligncenter size-full is-resized\"><img loading=\"lazy\" src=\"https:\/\/kemalarican.tr\/wp-content\/uploads\/2025\/12\/24.jpg\" alt=\"\" class=\"wp-image-103\" width=\"636\" height=\"279\" srcset=\"https:\/\/kemalarican.tr\/wp-content\/uploads\/2025\/12\/24.jpg 715w, https:\/\/kemalarican.tr\/wp-content\/uploads\/2025\/12\/24-300x132.jpg 300w\" sizes=\"(max-width: 636px) 100vw, 636px\" \/><figcaption><strong>PTT A.\u015e. KONYA SULTAN KILI\u00c7ARSLAN \u015eUBES\u0130&nbsp;<\/strong>&nbsp;<\/figcaption><\/figure><\/div>\n\n\n\n<div class=\"wp-block-image\"><figure class=\"aligncenter size-full is-resized\"><img loading=\"lazy\" src=\"https:\/\/kemalarican.tr\/wp-content\/uploads\/2025\/12\/16.jpg\" alt=\"\" class=\"wp-image-104\" width=\"637\" height=\"249\" srcset=\"https:\/\/kemalarican.tr\/wp-content\/uploads\/2025\/12\/16.jpg 960w, https:\/\/kemalarican.tr\/wp-content\/uploads\/2025\/12\/16-300x118.jpg 300w, https:\/\/kemalarican.tr\/wp-content\/uploads\/2025\/12\/16-768x302.jpg 768w\" sizes=\"(max-width: 637px) 100vw, 637px\" \/><figcaption><strong>KONYA ORMAN B\u00d6LGE M\u00dcD\u00dcRL\u00dc\u011e\u00dc LOJMANLARI TAD\u0130LATI&nbsp;<\/strong>&nbsp;&nbsp;&nbsp;<\/figcaption><\/figure><\/div>\n\n\n\n<div class=\"wp-block-image\"><figure class=\"aligncenter size-large is-resized\"><img loading=\"lazy\" src=\"https:\/\/kemalarican.tr\/wp-content\/uploads\/2025\/12\/9-1024x768.jpg\" alt=\"\" class=\"wp-image-105\" width=\"645\" height=\"484\" srcset=\"https:\/\/kemalarican.tr\/wp-content\/uploads\/2025\/12\/9-1024x768.jpg 1024w, https:\/\/kemalarican.tr\/wp-content\/uploads\/2025\/12\/9-300x225.jpg 300w, https:\/\/kemalarican.tr\/wp-content\/uploads\/2025\/12\/9-768x576.jpg 768w, https:\/\/kemalarican.tr\/wp-content\/uploads\/2025\/12\/9-1536x1152.jpg 1536w, https:\/\/kemalarican.tr\/wp-content\/uploads\/2025\/12\/9-2048x1536.jpg 2048w\" sizes=\"(max-width: 645px) 100vw, 645px\" \/><figcaption><strong>PTT A.\u015e. AKSARAY HASSAS \u015eUBES\u0130<\/strong>&nbsp;&nbsp;&nbsp;&nbsp;<\/figcaption><\/figure><\/div>\n\n\n\n<div class=\"wp-block-image\"><figure class=\"aligncenter size-large is-resized\"><img loading=\"lazy\" src=\"https:\/\/kemalarican.tr\/wp-content\/uploads\/2025\/12\/10-1024x768.jpg\" alt=\"\" class=\"wp-image-106\" width=\"647\" height=\"485\" srcset=\"https:\/\/kemalarican.tr\/wp-content\/uploads\/2025\/12\/10-1024x768.jpg 1024w, https:\/\/kemalarican.tr\/wp-content\/uploads\/2025\/12\/10-300x225.jpg 300w, https:\/\/kemalarican.tr\/wp-content\/uploads\/2025\/12\/10-768x576.jpg 768w, https:\/\/kemalarican.tr\/wp-content\/uploads\/2025\/12\/10-1536x1152.jpg 1536w, https:\/\/kemalarican.tr\/wp-content\/uploads\/2025\/12\/10-2048x1536.jpg 2048w\" sizes=\"(max-width: 647px) 100vw, 647px\" \/><figcaption><strong>KONYA SUBWAY BOSNA \u015eUBES\u0130&nbsp;<\/strong>&nbsp;&nbsp;&nbsp;&nbsp;<\/figcaption><\/figure><\/div>\n\n\n\n<div class=\"wp-block-image\"><figure class=\"aligncenter size-full is-resized\"><img loading=\"lazy\" src=\"https:\/\/kemalarican.tr\/wp-content\/uploads\/2025\/12\/17.jpg\" alt=\"\" class=\"wp-image-107\" width=\"654\" height=\"389\" srcset=\"https:\/\/kemalarican.tr\/wp-content\/uploads\/2025\/12\/17.jpg 764w, https:\/\/kemalarican.tr\/wp-content\/uploads\/2025\/12\/17-300x178.jpg 300w\" sizes=\"(max-width: 654px) 100vw, 654px\" \/><figcaption><strong>KONYA PTT BA\u015eM\u00dcD\u00dcRL\u00dc\u011e\u00dc M\u0130SAF\u0130RHANES\u0130 TAD\u0130LATI&nbsp;&nbsp;<\/strong>&nbsp;&nbsp;<\/figcaption><\/figure><\/div>\n\n\n\n<div class=\"wp-block-image\"><figure class=\"aligncenter size-full is-resized\"><img loading=\"lazy\" src=\"https:\/\/kemalarican.tr\/wp-content\/uploads\/2025\/12\/21.png\" alt=\"\" class=\"wp-image-108\" width=\"401\" height=\"300\"\/><figcaption><strong>PTT A.\u015e. ERE\u011eL\u0130 G\u00dcLBAH\u00c7E \u015eUBES\u0130<\/strong>&nbsp;&nbsp;&nbsp;&nbsp;<\/figcaption><\/figure><\/div>\n\n\n\n<div class=\"wp-block-image\"><figure class=\"aligncenter size-full is-resized\"><img loading=\"lazy\" src=\"https:\/\/kemalarican.tr\/wp-content\/uploads\/2025\/12\/23.png\" alt=\"\" class=\"wp-image-109\" width=\"452\" height=\"253\"\/><figcaption><strong>PTT A.\u015e. ISPARTA KARGO DA\u011eITIM TAD\u0130LATI&nbsp;<\/strong>&nbsp;&nbsp;&nbsp;&nbsp;<\/figcaption><\/figure><\/div>\n\n\n\n<div class=\"wp-block-image\"><figure class=\"aligncenter size-full is-resized\"><img loading=\"lazy\" src=\"https:\/\/kemalarican.tr\/wp-content\/uploads\/2025\/12\/30.jpg\" alt=\"\" class=\"wp-image-110\" width=\"494\" height=\"433\" srcset=\"https:\/\/kemalarican.tr\/wp-content\/uploads\/2025\/12\/30.jpg 579w, https:\/\/kemalarican.tr\/wp-content\/uploads\/2025\/12\/30-300x263.jpg 300w\" sizes=\"(max-width: 494px) 100vw, 494px\" \/><figcaption><strong>T\u00dcRK TELEKOM CUMHUR\u0130YET M\u00dcD\u00dcRL\u00dc\u011e\u00dc TAD\u0130LATI&nbsp;<\/strong>&nbsp;&nbsp;<\/figcaption><\/figure><\/div>\n\n\n\n<div class=\"wp-block-image\"><figure class=\"aligncenter size-full is-resized\"><img loading=\"lazy\" src=\"https:\/\/kemalarican.tr\/wp-content\/uploads\/2025\/12\/32.png\" alt=\"\" class=\"wp-image-111\" width=\"500\" height=\"250\" srcset=\"https:\/\/kemalarican.tr\/wp-content\/uploads\/2025\/12\/32.png 318w, https:\/\/kemalarican.tr\/wp-content\/uploads\/2025\/12\/32-300x150.png 300w\" sizes=\"(max-width: 500px) 100vw, 500px\" \/><figcaption><strong>T\u00dcRK TELEKOM NAL\u00c7ACI SANTRAL B\u0130NASI BAKIM ONARIM<\/strong>&nbsp;&nbsp;&nbsp;<\/figcaption><\/figure><\/div>\n\n\n\n<div class=\"wp-block-image\"><figure class=\"aligncenter size-large is-resized\"><img loading=\"lazy\" src=\"https:\/\/kemalarican.tr\/wp-content\/uploads\/2025\/12\/29-1024x498.jpg\" alt=\"\" class=\"wp-image-112\" width=\"609\" height=\"295\" srcset=\"https:\/\/kemalarican.tr\/wp-content\/uploads\/2025\/12\/29-1024x498.jpg 1024w, https:\/\/kemalarican.tr\/wp-content\/uploads\/2025\/12\/29-300x146.jpg 300w, https:\/\/kemalarican.tr\/wp-content\/uploads\/2025\/12\/29-768x373.jpg 768w, https:\/\/kemalarican.tr\/wp-content\/uploads\/2025\/12\/29-1536x747.jpg 1536w, https:\/\/kemalarican.tr\/wp-content\/uploads\/2025\/12\/29.jpg 1600w\" sizes=\"(max-width: 609px) 100vw, 609px\" \/><figcaption><strong>T\u00dcRK TELEKOM BEY\u015eEH\u0130R BADEML\u0130 TALEP NOKTASI BAKIM VE ONARIM<\/strong>&nbsp;&nbsp;&nbsp;<\/figcaption><\/figure><\/div>\n","protected":false},"excerpt":{"rendered":"","protected":false},"author":1,"featured_media":0,"parent":0,"menu_order":0,"comment_status":"closed","ping_status":"closed","template":"","meta":[],"_links":{"self":[{"href":"https:\/\/kemalarican.tr\/index.php?rest_route=\/wp\/v2\/pages\/57"}],"collection":[{"href":"https:\/\/kemalarican.tr\/index.php?rest_route=\/wp\/v2\/pages"}],"about":[{"href":"https:\/\/kemalarican.tr\/index.php?rest_route=\/wp\/v2\/types\/page"}],"author":[{"embeddable":true,"href":"https:\/\/kemalarican.tr\/index.php?rest_route=\/wp\/v2\/users\/1"}],"replies":[{"embeddable":true,"href":"https:\/\/kemalarican.tr\/index.php?rest_route=%2Fwp%2Fv2%2Fcomments&post=57"}],"version-history":[{"count":5,"href":"https:\/\/kemalarican.tr\/index.php?rest_route=\/wp\/v2\/pages\/57\/revisions"}],"predecessor-version":[{"id":116,"href":"https:\/\/kemalarican.tr\/index.php?rest_route=\/wp\/v2\/pages\/57\/revisions\/116"}],"wp:attachment":[{"href":"https:\/\/kemalarican.tr\/index.php?rest_route=%2Fwp%2Fv2%2Fmedia&parent=57"}],"curies":[{"name":"wp","href":"https:\/\/api.w.org\/{rel}","templated":true}]}}