{"id":2,"date":"2025-12-11T21:02:44","date_gmt":"2025-12-11T18:02:44","guid":{"rendered":"http:\/\/kemalarican.tr\/?page_id=2"},"modified":"2025-12-12T12:59:23","modified_gmt":"2025-12-12T09:59:23","slug":"ornek-sayfa","status":"publish","type":"page","link":"https:\/\/kemalarican.tr\/?page_id=2","title":{"rendered":"Hakk\u0131m\u0131zda"},"content":{"rendered":"\n<h2><strong>Kemal Ar\u0131can Yap\u0131 &amp; Gayrimenkul \u2013 Hakk\u0131m\u0131zda<\/strong><\/h2>\n\n\n\n<p>2013 y\u0131l\u0131ndan bu yana in\u015faat ve gayrimenkul sekt\u00f6rlerinde g\u00fcven, kalite ve profesyonelli\u011fi temel alarak hizmet veren <strong>Kemal Ar\u0131can Yap\u0131 &amp; Gayrimenkul<\/strong>, sa\u011flam projeler \u00fcretmeyi ve m\u00fc\u015fterilerine de\u011fer katan \u00e7\u00f6z\u00fcmler sunmay\u0131 kendine ilke edinmi\u015ftir.<\/p>\n\n\n\n<p>Uzun y\u0131llara dayanan sekt\u00f6r tecr\u00fcbemizle; <strong>kamu in\u015faat ihaleleri<\/strong>, <strong>\u00fcst yap\u0131 projeleri<\/strong>, <strong>konut in\u015faat\u0131<\/strong>, <strong>m\u00fcteahhitlik hizmetleri<\/strong>, <strong>gayrimenkul dan\u0131\u015fmanl\u0131\u011f\u0131<\/strong> ve <strong>gayrimenkul al\u0131m\u2013sat\u0131m<\/strong> alanlar\u0131nda kapsaml\u0131 hizmetler sunuyoruz. Her projemizde modern teknikleri, kaliteli malzeme kullan\u0131m\u0131n\u0131 ve titiz i\u015f\u00e7ili\u011fi bir araya getirerek g\u00fcvenilir ve s\u00fcrd\u00fcr\u00fclebilir yap\u0131lar in\u015fa etmeye \u00f6zen g\u00f6steriyoruz.<\/p>\n\n\n\n<p>M\u00fc\u015fteri memnuniyetini her zaman \u00f6n planda tutan bir anlay\u0131\u015fla; yat\u0131r\u0131mc\u0131lar, kurumlar ve bireysel m\u00fc\u015fteriler i\u00e7in en do\u011fru \u00e7\u00f6z\u00fcmleri geli\u015ftirmeyi hedefliyoruz. Planlama a\u015famas\u0131ndan teslim s\u00fcrecine kadar t\u00fcm s\u00fcre\u00e7leri \u015feffaf, profesyonel ve etkin bir \u015fekilde y\u00f6neterek, her projeye uzun vadeli de\u011fer kat\u0131yoruz.<\/p>\n\n\n\n<p>Kemal Ar\u0131can Yap\u0131 &amp; Gayrimenkul olarak; ge\u00e7mi\u015fimizin deneyimi, bug\u00fcn\u00fcn profesyonelli\u011fi ve gelece\u011fin vizyonu ile sekt\u00f6r\u00fcm\u00fczde g\u00fcvenilir bir marka olmaya devam ediyoruz.<\/p>\n\n\n\n<div class=\"wp-block-media-text alignwide is-stacked-on-mobile is-vertically-aligned-center\" style=\"grid-template-columns:29% auto\"><figure class=\"wp-block-media-text__media\"><img loading=\"lazy\" width=\"300\" height=\"72\" src=\"https:\/\/kemalarican.tr\/wp-content\/uploads\/2025\/12\/logo-1.png\" alt=\"\" class=\"wp-image-52 size-full\"\/><\/figure><div class=\"wp-block-media-text__content\"><\/div><\/div>\n\n\n\n<p><\/p>\n","protected":false},"excerpt":{"rendered":"<p>Kemal Ar\u0131can Yap\u0131 &amp; Gayrimenkul \u2013 Hakk\u0131m\u0131zda 2013 y\u0131l\u0131ndan bu yana in\u015faat ve gayrimenkul sekt\u00f6rlerinde g\u00fcven, kalite ve profesyonelli\u011fi temel alarak hizmet veren Kemal Ar\u0131can Yap\u0131 &amp; Gayrimenkul, sa\u011flam projeler \u00fcretmeyi ve m\u00fc\u015fterilerine de\u011fer katan \u00e7\u00f6z\u00fcmler sunmay\u0131 kendine ilke edinmi\u015ftir. Uzun y\u0131llara dayanan sekt\u00f6r tecr\u00fcbemizle; kamu in\u015faat ihaleleri, \u00fcst yap\u0131 projeleri, konut in\u015faat\u0131, m\u00fcteahhitlik hizmetleri, [&hellip;]<\/p>\n","protected":false},"author":1,"featured_media":0,"parent":0,"menu_order":0,"comment_status":"closed","ping_status":"open","template":"","meta":[],"_links":{"self":[{"href":"https:\/\/kemalarican.tr\/index.php?rest_route=\/wp\/v2\/pages\/2"}],"collection":[{"href":"https:\/\/kemalarican.tr\/index.php?rest_route=\/wp\/v2\/pages"}],"about":[{"href":"https:\/\/kemalarican.tr\/index.php?rest_route=\/wp\/v2\/types\/page"}],"author":[{"embeddable":true,"href":"https:\/\/kemalarican.tr\/index.php?rest_route=\/wp\/v2\/users\/1"}],"replies":[{"embeddable":true,"href":"https:\/\/kemalarican.tr\/index.php?rest_route=%2Fwp%2Fv2%2Fcomments&post=2"}],"version-history":[{"count":4,"href":"https:\/\/kemalarican.tr\/index.php?rest_route=\/wp\/v2\/pages\/2\/revisions"}],"predecessor-version":[{"id":78,"href":"https:\/\/kemalarican.tr\/index.php?rest_route=\/wp\/v2\/pages\/2\/revisions\/78"}],"wp:attachment":[{"href":"https:\/\/kemalarican.tr\/index.php?rest_route=%2Fwp%2Fv2%2Fmedia&parent=2"}],"curies":[{"name":"wp","href":"https:\/\/api.w.org\/{rel}","templated":true}]}}